{"id":5598,"date":"2023-12-31T01:36:48","date_gmt":"2023-12-30T22:36:48","guid":{"rendered":"https:\/\/1mvg.com\/product\/video-de-promotion-commerciale-jusqua-15-secondes-economique\/"},"modified":"2024-01-02T04:50:51","modified_gmt":"2024-01-02T01:50:51","slug":"video-de-promotion-commerciale-jusqua-15-secondes-economique","status":"publish","type":"product","link":"https:\/\/1mvg.com\/fr\/produit\/video-de-promotion-commerciale-jusqua-15-secondes-economique\/","title":{"rendered":"Vid\u00e9o de Promotion Commerciale Jusqu&rsquo;\u00e0 15 Secondes (Economique )"},"content":{"rendered":"","protected":false},"excerpt":{"rendered":"<p>Mat\u00e9riel N\u00e9cessaire Avant la Commande<\/p>\n<ul>\n<li><strong>Mat\u00e9riel Visuel (photos ou vid\u00e9os)<\/strong><\/li>\n<\/ul>\n<p>&nbsp;<\/p>\n<p>Le sc\u00e9nario et le mat\u00e9riel audio seront cr\u00e9\u00e9s par notre \u00e9quipe.<\/p>\n<p>Si vous souhaitez que nous utilisions du mat\u00e9riel suppl\u00e9mentaire, vous pouvez nous l&rsquo;envoyer.<\/p>\n","protected":false},"featured_media":5610,"comment_status":"open","ping_status":"closed","template":"","meta":[],"product_brand":[],"product_cat":[521,517,546],"product_tag":[],"class_list":{"0":"post-5598","1":"product","2":"type-product","3":"status-publish","4":"has-post-thumbnail","6":"product_cat-montage-video-audio","7":"product_cat-services-fr","8":"product_cat-tous-les-produits","10":"first","11":"instock","12":"purchasable","13":"product-type-simple"},"jetpack_sharing_enabled":true,"_links":{"self":[{"href":"https:\/\/1mvg.com\/fr\/wp-json\/wp\/v2\/product\/5598","targetHints":{"allow":["GET"]}}],"collection":[{"href":"https:\/\/1mvg.com\/fr\/wp-json\/wp\/v2\/product"}],"about":[{"href":"https:\/\/1mvg.com\/fr\/wp-json\/wp\/v2\/types\/product"}],"replies":[{"embeddable":true,"href":"https:\/\/1mvg.com\/fr\/wp-json\/wp\/v2\/comments?post=5598"}],"wp:featuredmedia":[{"embeddable":true,"href":"https:\/\/1mvg.com\/fr\/wp-json\/wp\/v2\/media\/5610"}],"wp:attachment":[{"href":"https:\/\/1mvg.com\/fr\/wp-json\/wp\/v2\/media?parent=5598"}],"wp:term":[{"taxonomy":"product_brand","embeddable":true,"href":"https:\/\/1mvg.com\/fr\/wp-json\/wp\/v2\/product_brand?post=5598"},{"taxonomy":"product_cat","embeddable":true,"href":"https:\/\/1mvg.com\/fr\/wp-json\/wp\/v2\/product_cat?post=5598"},{"taxonomy":"product_tag","embeddable":true,"href":"https:\/\/1mvg.com\/fr\/wp-json\/wp\/v2\/product_tag?post=5598"}],"curies":[{"name":"wp","href":"https:\/\/api.w.org\/{rel}","templated":true}]}}