{"id":5558,"date":"2023-12-31T01:28:49","date_gmt":"2023-12-30T22:28:49","guid":{"rendered":"https:\/\/1mvg.com\/product\/conseil-informatique\/"},"modified":"2024-01-02T04:50:52","modified_gmt":"2024-01-02T01:50:52","slug":"conseil-informatique","status":"publish","type":"product","link":"https:\/\/1mvg.com\/fr\/produit\/conseil-informatique\/","title":{"rendered":"Conseil Informatique"},"content":{"rendered":"","protected":false},"excerpt":{"rendered":"<ul>\n<li>Informatique<\/li>\n<li>DNS<\/li>\n<li>Serveur<\/li>\n<li>Hosting<\/li>\n<li>Sites Web<\/li>\n<li>Sauvegarde et R\u00e9cup\u00e9ration des Donn\u00e9es<\/li>\n<li>Transfert de Donn\u00e9es<\/li>\n<li>Solutions de S\u00e9curit\u00e9<\/li>\n<li>Services en Nuage<\/li>\n<li>Services de E-mail<\/li>\n<\/ul>\n","protected":false},"featured_media":5567,"comment_status":"open","ping_status":"closed","template":"","meta":[],"product_brand":[],"product_cat":[519,517,546],"product_tag":[],"class_list":{"0":"post-5558","1":"product","2":"type-product","3":"status-publish","4":"has-post-thumbnail","6":"product_cat-conseil-informatique","7":"product_cat-services-fr","8":"product_cat-tous-les-produits","10":"first","11":"instock","12":"purchasable","13":"product-type-variable"},"jetpack_sharing_enabled":true,"_links":{"self":[{"href":"https:\/\/1mvg.com\/fr\/wp-json\/wp\/v2\/product\/5558","targetHints":{"allow":["GET"]}}],"collection":[{"href":"https:\/\/1mvg.com\/fr\/wp-json\/wp\/v2\/product"}],"about":[{"href":"https:\/\/1mvg.com\/fr\/wp-json\/wp\/v2\/types\/product"}],"replies":[{"embeddable":true,"href":"https:\/\/1mvg.com\/fr\/wp-json\/wp\/v2\/comments?post=5558"}],"wp:featuredmedia":[{"embeddable":true,"href":"https:\/\/1mvg.com\/fr\/wp-json\/wp\/v2\/media\/5567"}],"wp:attachment":[{"href":"https:\/\/1mvg.com\/fr\/wp-json\/wp\/v2\/media?parent=5558"}],"wp:term":[{"taxonomy":"product_brand","embeddable":true,"href":"https:\/\/1mvg.com\/fr\/wp-json\/wp\/v2\/product_brand?post=5558"},{"taxonomy":"product_cat","embeddable":true,"href":"https:\/\/1mvg.com\/fr\/wp-json\/wp\/v2\/product_cat?post=5558"},{"taxonomy":"product_tag","embeddable":true,"href":"https:\/\/1mvg.com\/fr\/wp-json\/wp\/v2\/product_tag?post=5558"}],"curies":[{"name":"wp","href":"https:\/\/api.w.org\/{rel}","templated":true}]}}