{"id":5474,"date":"2023-11-08T09:04:51","date_gmt":"2023-11-08T06:04:51","guid":{"rendered":"https:\/\/1mvg.com\/politique-de-confidentialite\/"},"modified":"2024-01-02T05:00:18","modified_gmt":"2024-01-02T02:00:18","slug":"politique-de-confidentialite","status":"publish","type":"page","link":"https:\/\/1mvg.com\/fr\/politique-de-confidentialite\/","title":{"rendered":"Politique de Confidentialit\u00e9"},"content":{"rendered":"\t\t<div data-elementor-type=\"wp-page\" data-elementor-id=\"5474\" class=\"elementor elementor-5474 elementor-2623\" data-elementor-post-type=\"page\">\n\t\t\t\t\t\t<section class=\"elementor-section elementor-top-section elementor-element elementor-element-52e403a elementor-section-boxed elementor-section-height-default elementor-section-height-default\" data-id=\"52e403a\" data-element_type=\"section\">\n\t\t\t\t\t\t<div class=\"elementor-container elementor-column-gap-default\">\n\t\t\t\t\t<div class=\"elementor-column elementor-col-100 elementor-top-column elementor-element elementor-element-ede0d0c\" data-id=\"ede0d0c\" data-element_type=\"column\">\n\t\t\t<div class=\"elementor-widget-wrap\">\n\t\t\t\t\t\t\t<\/div>\n\t\t<\/div>\n\t\t\t\t\t<\/div>\n\t\t<\/section>\n\t\t\t\t<section class=\"elementor-section elementor-top-section elementor-element elementor-element-7476a4f elementor-section-height-min-height elementor-section-boxed elementor-section-height-default elementor-section-items-middle\" data-id=\"7476a4f\" data-element_type=\"section\" data-settings=\"{&quot;background_background&quot;:&quot;classic&quot;}\">\n\t\t\t\t\t\t<div class=\"elementor-container elementor-column-gap-default\">\n\t\t\t\t\t<div class=\"elementor-column elementor-col-100 elementor-top-column elementor-element elementor-element-8de6ddf\" data-id=\"8de6ddf\" data-element_type=\"column\">\n\t\t\t<div class=\"elementor-widget-wrap elementor-element-populated\">\n\t\t\t\t\t\t<div class=\"elementor-element elementor-element-1a01484 elementor-widget elementor-widget-image\" data-id=\"1a01484\" data-element_type=\"widget\" data-widget_type=\"image.default\">\n\t\t\t\t<div class=\"elementor-widget-container\">\n\t\t\t\t\t\t\t\t\t\t\t\t\t\t\t<img decoding=\"async\" width=\"80\" height=\"4\" src=\"https:\/\/1mvg.com\/wp-content\/uploads\/upload\/2022\/10\/bolucu.png\" class=\"attachment-large size-large wp-image-190\" alt=\"\" \/>\t\t\t\t\t\t\t\t\t\t\t\t\t\t\t<\/div>\n\t\t\t\t<\/div>\n\t\t\t\t<div class=\"elementor-element elementor-element-bd9b002 elementor-icon-list--layout-inline elementor-align-center elementor-list-item-link-inline elementor-widget elementor-widget-icon-list\" data-id=\"bd9b002\" data-element_type=\"widget\" data-widget_type=\"icon-list.default\">\n\t\t\t\t<div class=\"elementor-widget-container\">\n\t\t\t\t\t\t\t<ul class=\"elementor-icon-list-items elementor-inline-items\">\n\t\t\t\t\t\t\t<li class=\"elementor-icon-list-item elementor-inline-item\">\n\t\t\t\t\t\t\t\t\t\t\t<a href=\"https:\/\/1mvg.com\/fr\/\">\n\n\t\t\t\t\t\t\t\t\t\t\t<span class=\"elementor-icon-list-text\">Accueil<\/span>\n\t\t\t\t\t\t\t\t\t\t\t<\/a>\n\t\t\t\t\t\t\t\t\t<\/li>\n\t\t\t\t\t\t\t\t<li class=\"elementor-icon-list-item elementor-inline-item\">\n\t\t\t\t\t\t\t\t\t\t\t<span class=\"elementor-icon-list-icon\">\n\t\t\t\t\t\t\t<svg xmlns=\"http:\/\/www.w3.org\/2000\/svg\" width=\"16px\" height=\"16px\" viewBox=\"0 0 16 16\" fill=\"currentColor\" class=\"bi bi-dot\"><path d=\"M8 9.5a1.5 1.5 0 1 0 0-3 1.5 1.5 0 0 0 0 3z\"><\/path><\/svg>\t\t\t\t\t\t<\/span>\n\t\t\t\t\t\t\t\t\t\t<span class=\"elementor-icon-list-text\"><\/span>\n\t\t\t\t\t\t\t\t\t<\/li>\n\t\t\t\t\t\t<\/ul>\n\t\t\t\t\t\t<\/div>\n\t\t\t\t<\/div>\n\t\t\t\t<div class=\"elementor-element elementor-element-36800d2 elementor-icon-list--layout-inline elementor-align-center elementor-list-item-link-inline elementor-widget__width-auto elementor-widget elementor-widget-icon-list\" data-id=\"36800d2\" data-element_type=\"widget\" data-widget_type=\"icon-list.default\">\n\t\t\t\t<div class=\"elementor-widget-container\">\n\t\t\t\t\t\t\t<ul class=\"elementor-icon-list-items elementor-inline-items\">\n\t\t\t\t\t\t\t<li class=\"elementor-icon-list-item elementor-inline-item\">\n\t\t\t\t\t\t\t\t\t\t<span class=\"elementor-icon-list-text\"><\/span>\n\t\t\t\t\t\t\t\t\t<\/li>\n\t\t\t\t\t\t<\/ul>\n\t\t\t\t\t\t<\/div>\n\t\t\t\t<\/div>\n\t\t\t\t\t<\/div>\n\t\t<\/div>\n\t\t\t\t\t<\/div>\n\t\t<\/section>\n\t\t\t\t<section class=\"elementor-section elementor-top-section elementor-element elementor-element-7364973 elementor-section-boxed elementor-section-height-default elementor-section-height-default\" data-id=\"7364973\" data-element_type=\"section\">\n\t\t\t\t\t\t<div class=\"elementor-container elementor-column-gap-default\">\n\t\t\t\t\t<div class=\"elementor-column elementor-col-100 elementor-top-column elementor-element elementor-element-2397bd7\" data-id=\"2397bd7\" data-element_type=\"column\">\n\t\t\t<div class=\"elementor-widget-wrap elementor-element-populated\">\n\t\t\t\t\t\t<div class=\"elementor-element elementor-element-91a41d8 elementor-widget elementor-widget-text-editor\" data-id=\"91a41d8\" data-element_type=\"widget\" data-widget_type=\"text-editor.default\">\n\t\t\t\t<div class=\"elementor-widget-container\">\n\t\t\t\t\t\t\t\t\t<p><b>SECTION 1 &#8211; QUE FAISONS-NOUS DE VOS INFORMATIONS ?<\/b><\/p>\n<h6>Lorsque vous achetez quelque chose dans notre magasin, dans le cadre du processus d&rsquo;achat et de vente, nous recueillons les informations personnelles que vous nous donnez, telles que votre nom, votre adresse et votre adresse \u00e9lectronique.<\/h6>\n<p>Lorsque vous naviguez dans notre magasin, nous recevons aussi automatiquement l&rsquo;adresse IP (Internet Protocol) de votre ordinateur afin de nous fournir des informations qui nous aident \u00e0 conna\u00eetre votre navigateur et votre syst\u00e8me d&rsquo;exploitation.<br>Marketing par courrier \u00e9lectronique (le cas \u00e9ch\u00e9ant) : Avec votre autorisation, nous pouvons vous envoyer des courriels concernant notre magasin, nos nouveaux produits et d&rsquo;autres mises \u00e0 jour.<\/p>\n<p><br><\/p>\n<p><b>SECTION 2 &#8211; CONSENTEMENT<br><\/b>Comment obtenir mon consentement ?<br>Lorsque vous nous fournissez des informations personnelles pour effectuer une transaction, v\u00e9rifier votre carte de cr\u00e9dit, passer une commande, organiser une livraison ou retourner un achat, cela signifie que vous consentez \u00e0 ce que nous les recueillions et les utilisions uniquement pour cette raison sp\u00e9cifique.<br>Si nous vous demandons des informations personnelles pour une raison secondaire, comme le marketing, nous vous demanderons directement votre consentement explicite ou nous vous donnerons la possibilit\u00e9 de refuser.<\/p>\n<p>Comment puis-je retirer mon consentement ?<br>Si, apr\u00e8s avoir choisi de participer, vous changez d&rsquo;avis, vous pouvez \u00e0 tout moment retirer votre consentement \u00e0 ce que nous vous contactions, \u00e0 la poursuite de la collecte, de l&rsquo;utilisation ou de la divulgation de vos informations, en nous contactant \u00e0 l&rsquo;adresse suivante&nbsp;<a href=\"https:\/\/1mvg.com\/contact\/\">contact@1mvg.com<\/a><\/p>\n<p><br><\/p>\n<p><b>SECTION 3 &#8211; DIVULGATION<br><\/b>Nous pouvons divulguer vos informations personnelles si nous sommes tenus par la loi de le faire ou si vous enfreignez nos r\u00e8gles de confidentialit\u00e9.&nbsp;<font color=\"#333366\"><span style=\"background-color: rgb(255, 255, 255);\"><a href=\"https:\/\/1mvg.com\/fr\/conditions-dutilisation-et-accord-dadhesion\/\">conditions g\u00e9n\u00e9rales d&rsquo;utilisation<\/a><\/span><\/font>.<\/p>\n<p><br><\/p>\n<p><b>SECTION 4 &#8211; PAIEMENT<br><\/b>La passerelle de paiement est crypt\u00e9e selon la norme de s\u00e9curit\u00e9 des donn\u00e9es de l&rsquo;industrie des cartes de paiement (PCI-DSS). Les donn\u00e9es relatives \u00e0 votre transaction d&rsquo;achat ne sont stock\u00e9es que le temps n\u00e9cessaire \u00e0 la r\u00e9alisation de votre transaction d&rsquo;achat. Une fois cette op\u00e9ration termin\u00e9e, les informations relatives \u00e0 votre transaction d&rsquo;achat sont supprim\u00e9es.<br>Toutes les passerelles de paiement direct respectent les normes d\u00e9finies par le PCI-DSS, g\u00e9r\u00e9 par le PCI Security Standards Council, qui est un effort conjoint de marques telles que Visa, Mastercard, American Express et Discover.<br>Toutes les passerelles de paiement direct respectent les normes d\u00e9finies par le PCI-DSS, g\u00e9r\u00e9 par le PCI Security Standards Council, qui est un effort conjoint de marques telles que Visa, Mastercard, American Express et Discover.<\/p>\n<p><br><\/p>\n<p><b>SECTION 5 &#8211; SERVICES AUX TIERS<br><\/b>En g\u00e9n\u00e9ral, les fournisseurs tiers auxquels nous faisons appel ne collectent, n&rsquo;utilisent et ne divulguent vos informations que dans la mesure o\u00f9 cela est n\u00e9cessaire pour leur permettre d&rsquo;assurer les services qu&rsquo;ils nous fournissent.<br>Toutefois, certains fournisseurs de services tiers, tels que les passerelles de paiement et autres processeurs de transactions de paiement, ont leur propre politique de confidentialit\u00e9 en ce qui concerne les informations que nous sommes tenus de leur fournir pour les transactions li\u00e9es \u00e0 vos achats.<\/p>\n<p>D\u00e8s que vous quittez le site web de notre magasin ou que vous \u00eates redirig\u00e9 vers le site web ou l&rsquo;application d&rsquo;un tiers, vous n&rsquo;\u00eates plus r\u00e9gi par la pr\u00e9sente politique de confidentialit\u00e9 ni par les conditions de service de notre site web.<\/p>\n<p>Liens<br>Lorsque vous cliquez sur des liens dans notre magasin, il se peut qu&rsquo;ils vous dirigent hors de notre site. Nous ne sommes pas responsables des pratiques des autres sites en mati\u00e8re de respect de la vie priv\u00e9e et vous encourageons \u00e0 lire leurs d\u00e9clarations de confidentialit\u00e9.<\/p>\n<p><br><\/p>\n<p><b>SECTION 6 &#8211; S\u00c9CURIT\u00c9<br><\/b>Pour prot\u00e9ger vos informations personnelles, nous prenons des pr\u00e9cautions raisonnables et suivons les meilleures pratiques du secteur pour nous assurer qu&rsquo;elles ne sont pas perdues, mal utilis\u00e9es, consult\u00e9es, divulgu\u00e9es, modifi\u00e9es ou d\u00e9truites de mani\u00e8re inappropri\u00e9e.<\/p>\n<p>Passerelle de paiement (informations sur les cartes de cr\u00e9dit), les informations sont crypt\u00e9es \u00e0 l&rsquo;aide de la technologie SSL (secure socket layer) et stock\u00e9es avec un cryptage AES-256. Bien qu&rsquo;aucune m\u00e9thode de transmission sur Internet ou de stockage \u00e9lectronique ne soit s\u00fbre \u00e0 100 %, nous respectons toutes les exigences de la norme PCI-DSS et appliquons d&rsquo;autres normes industrielles g\u00e9n\u00e9ralement accept\u00e9es.<\/p>\n<h6><br><b>SECTION 6 &#8211; \u00c2GE DU CONSENTEMENT<\/b><\/h6>\n<h6>En utilisant ce site, vous d\u00e9clarez que vous avez au moins l&rsquo;\u00e2ge de la majorit\u00e9 dans votre \u00c9tat ou province.<\/h6>\n<h6>&nbsp;<br><b>SECTION 8 &#8211; MODIFICATIONS DE LA POLITIQUE DE PROTECTION DE LA VIE PRIVEE<\/b><\/h6>\n<h6>Nous nous r\u00e9servons le droit de modifier cette politique de confidentialit\u00e9 \u00e0 tout moment, c&rsquo;est pourquoi nous vous invitons \u00e0 la consulter r\u00e9guli\u00e8rement. Les modifications et clarifications prendront effet imm\u00e9diatement apr\u00e8s leur publication sur le site web. Si nous apportons des modifications importantes \u00e0 cette politique, nous vous informerons ici qu&rsquo;elle a \u00e9t\u00e9 mise \u00e0 jour, afin que vous sachiez quelles informations nous recueillons, comment nous les utilisons et dans quelles circonstances, le cas \u00e9ch\u00e9ant, nous les utilisons et\/ou les divulguons.<\/h6>\n<h6>Si notre magasin est acquis ou fusionn\u00e9 avec une autre soci\u00e9t\u00e9, vos informations peuvent \u00eatre transf\u00e9r\u00e9es aux nouveaux propri\u00e9taires afin que nous puissions continuer \u00e0 vous vendre des produits.<\/h6>\n<h6><br><b>QUESTIONS ET INFORMATIONS DE CONTACT<\/b><\/h6>\n<h6>Si vous souhaitez : acc\u00e9der, corriger, modifier ou supprimer toute information personnelle que nous d\u00e9tenons \u00e0 votre sujet, d\u00e9poser une plainte, ou simplement obtenir plus d&rsquo;informations, veuillez contacter notre responsable de la protection de la vie priv\u00e9e par courrier \u00e0 l&rsquo;adresse suivante:&nbsp;<a href=\"https:\/\/1mvg.com\/contact\/\" style=\"font-weight: var( --e-global-typography-text-font-weight ); font-size: 1rem; background-color: rgb(255, 255, 255);\">contact@1mvg.com<\/a><\/h6>\t\t\t\t\t\t\t\t<\/div>\n\t\t\t\t<\/div>\n\t\t\t\t\t<\/div>\n\t\t<\/div>\n\t\t\t\t\t<\/div>\n\t\t<\/section>\n\t\t\t\t<\/div>\n\t\t","protected":false},"excerpt":{"rendered":"<p>Accueil SECTION 1 &#8211; QUE FAISONS-NOUS DE VOS INFORMATIONS ? Lorsque vous achetez quelque chose dans notre magasin, dans le cadre du processus d&rsquo;achat et de vente, nous recueillons les informations personnelles que vous nous donnez, telles que votre nom, votre adresse et votre adresse \u00e9lectronique. Lorsque vous naviguez dans notre magasin, nous recevons aussi [&hellip;]<\/p>\n","protected":false},"author":1,"featured_media":0,"parent":0,"menu_order":0,"comment_status":"closed","ping_status":"closed","template":"","meta":{"footnotes":""},"class_list":["post-5474","page","type-page","status-publish","hentry"],"jetpack_sharing_enabled":true,"_links":{"self":[{"href":"https:\/\/1mvg.com\/fr\/wp-json\/wp\/v2\/pages\/5474","targetHints":{"allow":["GET"]}}],"collection":[{"href":"https:\/\/1mvg.com\/fr\/wp-json\/wp\/v2\/pages"}],"about":[{"href":"https:\/\/1mvg.com\/fr\/wp-json\/wp\/v2\/types\/page"}],"author":[{"embeddable":true,"href":"https:\/\/1mvg.com\/fr\/wp-json\/wp\/v2\/users\/1"}],"replies":[{"embeddable":true,"href":"https:\/\/1mvg.com\/fr\/wp-json\/wp\/v2\/comments?post=5474"}],"version-history":[{"count":3,"href":"https:\/\/1mvg.com\/fr\/wp-json\/wp\/v2\/pages\/5474\/revisions"}],"predecessor-version":[{"id":5944,"href":"https:\/\/1mvg.com\/fr\/wp-json\/wp\/v2\/pages\/5474\/revisions\/5944"}],"wp:attachment":[{"href":"https:\/\/1mvg.com\/fr\/wp-json\/wp\/v2\/media?parent=5474"}],"curies":[{"name":"wp","href":"https:\/\/api.w.org\/{rel}","templated":true}]}}